{"id":50,"date":"2023-11-04T19:10:45","date_gmt":"2023-11-04T18:10:45","guid":{"rendered":"https:\/\/ieee-epfl.ch\/?page_id=50"},"modified":"2024-03-06T13:46:28","modified_gmt":"2024-03-06T12:46:28","slug":"events","status":"publish","type":"page","link":"https:\/\/ieee-epfl.ch\/index.php\/events\/","title":{"rendered":"Events"},"content":{"rendered":"\n<div class=\"wp-block-query is-layout-flow wp-block-query-is-layout-flow\"><ul class=\"wp-block-post-template is-layout-flow wp-block-post-template-is-layout-flow\"><li class=\"wp-block-post post-279 post type-post status-publish format-standard hentry category-non-classe\">\n<h2 class=\"wp-block-post-title\"><a href=\"https:\/\/ieee-epfl.ch\/index.php\/2026\/03\/06\/event-retrospective-ieees-after-hours-with-dr-melvin-haas\/\" target=\"_self\" >Event Retrospective: IEEE\u2019s After Hours with Dr. Melvin Haas<\/a><\/h2>\n\n\n\n<div class=\"wp-block-post-excerpt\"><p class=\"wp-block-post-excerpt__excerpt\">On November 27th at 18:00, the IEEE student branch hosted an insightful session of &#8220;IEEE\u2019s After Hours&#8221; featuring Dr. Melvin Haas, founder of ISOCHRONIC AG and a distinguished EPFL alumnis. In a compelling talk titled &#8220;From Invention to Industrial Automation Revolution,&#8221; Dr. Haas shared his journey of transforming a core technical concept into a disruptive&hellip; <\/p><\/div>\n\n\n<hr class=\"wp-block-separator has-css-opacity\"\/>\n\n<\/li><li class=\"wp-block-post post-251 post type-post status-publish format-standard hentry category-general-info\">\n<h2 class=\"wp-block-post-title\"><a href=\"https:\/\/ieee-epfl.ch\/index.php\/2025\/01\/10\/ieee-regional-branch-award\/\" target=\"_self\" >IEEE Regional Branch Award<\/a><\/h2>\n\n\n\n<div class=\"wp-block-post-excerpt\"><p class=\"wp-block-post-excerpt__excerpt\">We are deeply grateful to IEEE for awarding the \u00c9cole Polytechnique F\u00e9d\u00e9rale de Lausanne (EPFL) the IEEE Regional Exemplary Student Branch Award. It reflects the hard work and collaboration of our student members, and the steady support from the Switzerland section. We extend our heartfelt thanks to IEEE for their recognition! -The EPFL student branch <\/p><\/div>\n\n\n<hr class=\"wp-block-separator has-css-opacity\"\/>\n\n<\/li><li class=\"wp-block-post post-242 post type-post status-publish format-standard hentry category-non-classe\">\n<h2 class=\"wp-block-post-title\"><a href=\"https:\/\/ieee-epfl.ch\/index.php\/2024\/10\/01\/ieee-xtreme-18\/\" target=\"_self\" >IEEE Xtreme 18.0<\/a><\/h2>\n\n\n\n<div class=\"wp-block-post-excerpt\"><p class=\"wp-block-post-excerpt__excerpt\">English below Participez \u00e0 IEEEXtreme 18.0 : Inscrivez-vous d\u00e8s maintenant ! \ud83d\ude80 IEEEXtreme 18.0 approche \u00e0 grands pas, et c&#8217;est l&#8217;occasion pour les passionn\u00e9s de programmation de d\u00e9montrer leurs comp\u00e9tences dans une comp\u00e9tition de 24 heures non-stop. Cette ann\u00e9e, l&#8217;\u00e9v\u00e9nement se d\u00e9roulera le samedi 26 octobre \u00e0 partir de 2h du matin, pendant 24 heures.&hellip; <\/p><\/div>\n\n\n<hr class=\"wp-block-separator has-css-opacity\"\/>\n\n<\/li><\/ul><\/div>\n\n\n\n<p class=\"wp-block-paragraph\"><\/p>\n","protected":false},"excerpt":{"rendered":"","protected":false},"author":1,"featured_media":0,"parent":0,"menu_order":0,"comment_status":"closed","ping_status":"closed","template":"","meta":{"_crdt_document":"","footnotes":""},"class_list":["post-50","page","type-page","status-publish","hentry"],"_links":{"self":[{"href":"https:\/\/ieee-epfl.ch\/index.php\/wp-json\/wp\/v2\/pages\/50","targetHints":{"allow":["GET"]}}],"collection":[{"href":"https:\/\/ieee-epfl.ch\/index.php\/wp-json\/wp\/v2\/pages"}],"about":[{"href":"https:\/\/ieee-epfl.ch\/index.php\/wp-json\/wp\/v2\/types\/page"}],"author":[{"embeddable":true,"href":"https:\/\/ieee-epfl.ch\/index.php\/wp-json\/wp\/v2\/users\/1"}],"replies":[{"embeddable":true,"href":"https:\/\/ieee-epfl.ch\/index.php\/wp-json\/wp\/v2\/comments?post=50"}],"version-history":[{"count":9,"href":"https:\/\/ieee-epfl.ch\/index.php\/wp-json\/wp\/v2\/pages\/50\/revisions"}],"predecessor-version":[{"id":136,"href":"https:\/\/ieee-epfl.ch\/index.php\/wp-json\/wp\/v2\/pages\/50\/revisions\/136"}],"wp:attachment":[{"href":"https:\/\/ieee-epfl.ch\/index.php\/wp-json\/wp\/v2\/media?parent=50"}],"curies":[{"name":"wp","href":"https:\/\/api.w.org\/{rel}","templated":true}]}}